{"id":5,"date":"2007-04-23T16:24:49","date_gmt":"2007-04-23T14:24:49","guid":{"rendered":"http:\/\/www.brainrage.com\/?page_id=5"},"modified":"2007-04-23T16:46:14","modified_gmt":"2007-04-23T14:46:14","slug":"mis-consolas","status":"publish","type":"page","link":"https:\/\/www.brainrage.com\/?page_id=5","title":{"rendered":"Mis c\u00f3nsolas"},"content":{"rendered":"<p>Este es un listado de todas las videoc\u00f3nsolas que tengo. Todas est\u00e1n en bastante buen estado de conservaci\u00f3n, y con algunas excepciones todas funcionan perfectamente.<\/p>\n<p><strong>C\u00f3nsolas de sobremesa<\/strong><\/p>\n<ul>\n<li>Pong con varios juegos (todos variaciones m\u00ednimas del Pong original), con dos mandos, alimentaci\u00f3n a pilas y conectable al televisor.<\/li>\n<li><a href=\"http:\/\/en.wikipedia.org\/wiki\/Videopac\">VideoPac Computer<\/a>, de Philips, que en realidad es un clon del Oddisey2, una c\u00f3nsola americana. Tiene teclado qwerty completo, dos joysticks y funciona con cartuchos.<\/li>\n<li>NES (no creo que haga falta poner datos)<\/li>\n<li><a href=\"http:\/\/en.wikipedia.org\/wiki\/Atari_7800\">Atari 7800<\/a> (versi\u00f3n mejorada del Atari 2600)<\/li>\n<li>SuperNES, con un controlador de arcade, y un \u00ab<a href=\"http:\/\/www.robwebb.clara.co.uk\/shop\/copiers\/copiers.htm\">Game Doctor<\/a>\u00bb que copia cartuchos en disquetes de 3,5&#8243; y que luego permite ejecutar el juego sin el cartucho original.<\/li>\n<li>PlayStation (la original gris, creo que tengo el primer modelo PAL) con modchip y el lector a punto de morir.<\/li>\n<li>PlayStation 2 (la original, primer modelo PAL-ten\u00eda la reserva n\u00ba 12) con pr\u00e1cticamtente todos los accesorios que han salido para ella, incluyendo un disco duro interno de 120Gb<\/li>\n<li>DreamCast, con teclado y rat\u00f3n.<\/li>\n<li>XBox con modchip. Nunca he jugado a ning\u00fan juego exclusivo para XBox que me haya convencido. Termin\u00f3 siendo un reproductor de DivX, hasta que el lector empez\u00f3 a fallar.<\/li>\n<li>GameCube, edici\u00f3n especial de color plata (la del Zelda Wind Waker)<\/li>\n<li>Xbox360 versi\u00f3n completa, comprada el dia de su lanzamiento PAL.<\/li>\n<li>Wii (comprada dos semanas despu\u00e9s de su lanzamiento PLA&#8230; me cost\u00f3 un huevo conseguir una, no hab\u00eda hecho reserva y estaban agotad\u00edsimas)<\/li>\n<li>PlayStation 3, comprada el d\u00eda de su lanzamiento PAL.<\/li>\n<\/ul>\n<p><strong>C\u00f3nsolas port\u00e1tiles<\/strong><\/p>\n<ul>\n<li>Varios <a href=\"http:\/\/en.wikipedia.org\/wiki\/Game_%26_watch\">Game &amp; Watch<\/a>, incluyendo modelos de doble pantalla.<\/li>\n<li>Gameboy Color (morado transparente) con un cartucho flash<\/li>\n<li>Gameboy Advance (negra) con cartucho flash<\/li>\n<li>Nintendo DS (plata) con <a href=\"http:\/\/en.wikipedia.org\/wiki\/Flashme\">FlashMe<\/a> y <a href=\"http:\/\/eng.supercard.cn\/products_sd.htm\">SuperCard mini<\/a><\/li>\n<li>Nintendo DS Lite (negra) con <a href=\"http:\/\/en.wikipedia.org\/wiki\/Flashme\">FlashMe<\/a> y <a href=\"http:\/\/eng.supercard.cn\/products_scl.htm\">SuperCard micro<\/a><\/li>\n<li>PSP con <a href=\"http:\/\/www.dark-alex.org\/\">firmware 3.30OE<\/a>, y aunque la tengo desde que sali\u00f3 en Europa, nunca he ejecutado en ella un juego no original.<\/li>\n<\/ul>\n","protected":false},"excerpt":{"rendered":"<p>Este es un listado de todas las videoc\u00f3nsolas que tengo. Todas est\u00e1n en bastante buen estado de conservaci\u00f3n, y con algunas excepciones todas funcionan perfectamente. C\u00f3nsolas de sobremesa Pong con varios juegos (todos variaciones m\u00ednimas del Pong original), con dos mandos, alimentaci\u00f3n a pilas y conectable al televisor. VideoPac Computer, de Philips, que en realidad&hellip; <a class=\"more-link\" href=\"https:\/\/www.brainrage.com\/?page_id=5\">Seguir leyendo <span class=\"screen-reader-text\">Mis c\u00f3nsolas<\/span><\/a><\/p>\n","protected":false},"author":1,"featured_media":0,"parent":0,"menu_order":0,"comment_status":"open","ping_status":"open","template":"","meta":{"footnotes":""},"class_list":["post-5","page","type-page","status-publish","hentry","entry"],"_links":{"self":[{"href":"https:\/\/www.brainrage.com\/index.php?rest_route=\/wp\/v2\/pages\/5","targetHints":{"allow":["GET"]}}],"collection":[{"href":"https:\/\/www.brainrage.com\/index.php?rest_route=\/wp\/v2\/pages"}],"about":[{"href":"https:\/\/www.brainrage.com\/index.php?rest_route=\/wp\/v2\/types\/page"}],"author":[{"embeddable":true,"href":"https:\/\/www.brainrage.com\/index.php?rest_route=\/wp\/v2\/users\/1"}],"replies":[{"embeddable":true,"href":"https:\/\/www.brainrage.com\/index.php?rest_route=%2Fwp%2Fv2%2Fcomments&post=5"}],"version-history":[{"count":0,"href":"https:\/\/www.brainrage.com\/index.php?rest_route=\/wp\/v2\/pages\/5\/revisions"}],"wp:attachment":[{"href":"https:\/\/www.brainrage.com\/index.php?rest_route=%2Fwp%2Fv2%2Fmedia&parent=5"}],"curies":[{"name":"wp","href":"https:\/\/api.w.org\/{rel}","templated":true}]}}