{"id":2,"date":"2007-04-22T18:30:06","date_gmt":"2007-04-22T16:30:06","guid":{"rendered":""},"modified":"2015-10-23T09:46:54","modified_gmt":"2015-10-23T08:46:54","slug":"about","status":"publish","type":"page","link":"https:\/\/www.brainrage.com\/?page_id=2","title":{"rendered":"Acerca de Spyd"},"content":{"rendered":"<p>Hola.<\/p>\n<p>Gracias por interesarte por mi blog. Aqu\u00ed podr\u00e1s encontrar informaci\u00f3n sobre videojuegos, tecnolog\u00eda, internet e inform\u00e1tica.<\/p>\n<p>Aunque sea una obviedad, todos los contenidos de este blog son mis opiniones personales, pero creo que soy una persona que acepta cr\u00edticas, as\u00ed que si no te parece bien lo que digo puedes dejar un comentario y lo comentaremos.<\/p>\n<p>Mi vida ha girado siempre alrededor de ordenadores y videojuegos; desde que tengo memoria siempre ha habido alg\u00fan aparato de este tipo en casa, empezando con un Pong que se conectaba al televisor, un VideoPac, un Spectrum 48, una NES, mi primer PC XT a 4,77Mhz&#8230;<\/p>\n<p>Con esas c\u00f3nsolas prehist\u00f3ricas le coj\u00ed el gusto a los videojuegos, pero con el Spectrum fu\u00e9 cuando pens\u00e9 \u00abya se que quiero ser de mayor\u00bb.<\/p>\n<p>Dicho y hecho. Soy t\u00e9cnico de hardware y redes, analista y programador de gesti\u00f3n y bases de datos, y actualmente trabajo como <del>jefe de IT para una peque\u00f1a empresa mientras trabajo de forma externa para otras<\/del>\u00a0profesional aut\u00f3nomo para PYMEs.<\/p>\n<p>Respecto a los videojuegos, es algo que siempre me ha gustado mucho y me ha aportado muchos buenos ratos. Tambi\u00e9n es para mi una especie de coleccionismo, ya que muchas veces compro c\u00f3nsolas o juegos que se que no voy a tener tiempo para usar.<\/p>\n<p>Mi colecci\u00f3n de c\u00f3nsolas se merece una entrada completa que podr\u00e1s encontrar <a href=\"https:\/\/www.brainrage.com\/?page_id=5\">aqu\u00ed<\/a>.<\/p>\n<p><span style=\"text-decoration: line-through;\">Mi ordenador principal actualmente es un port\u00e1til, un Fujitsu-Siemens Amilo Xi1546, con un procesador Intel Core Duo a 1,8Ghz, 2Gb de RAM, dos discos duros de 80Gb, tarjeta gr\u00e1fica Ati Radeon X1800 con 256Mb dedicadas y pantalla de 17&#8243; WXGA+. Aunque el poco tiempo que tengo para jugar lo dedico a mis c\u00f3nsolas.<\/span><\/p>\n<p><del>Mi ordenador principal actualmente es un port\u00e1til, un Hundyx M57RU, con un procesador Intel Core 2 Duo a 2,5Ghz, 4Gb de RAM, disco duro de 320Gb, tarjeta gr\u00e1fica nVidia GeForce 8700M GT con 512Mb dedicadas y pantalla de 17&#8243; WUXGA. Ahora que tengo este port\u00e1til juego bastante con \u00e9l.<\/del><\/p>\n<p>Mi ordenador principal actualmente es un ordenador de sobremesa, con un procesador AMD FX 8530 de ocho n\u00facleos a 4Ghz, 16Gb de RAM, disco duro de estado s\u00f3lido de 256Gb, disco duro convencional de 2Tb, tarjeta gr\u00e1fica AMD Radeon R9 390 con 4Gb dedicadas y monitor de 27&#8243; WQHD a 144Hz y con tecnolog\u00eda FreeSync.<\/p>\n<p>Mi ordenador de trabajo es un port\u00e1til, un MSI con un procesador AMD A10 de cuatro n\u00facleos, 8Gb de RAM, dos discos duros de estado s\u00f3lido de 128Gb y uno convencional de 1Tb, tarjeta gr\u00e1fica AMD Radeon R9 290M con 2Gb dedicadas y monitor de 17&#8243; FHD.<\/p>\n<p>En cuanto a qu\u00e9 juegos me atraen, principalmente los Survival Horror, los arcades de conducci\u00f3n\/destrucci\u00f3n (l\u00e9ase Burnout), los RPG (aunque no tengo tiempo para ellos), las aventuras gr\u00e1ficas y los FPS (s\u00f3lo con teclado y rat\u00f3n, naturalmente).<\/p>\n<p>Bien, creo que con esto sabes m\u00e1s que suficiente de mi. Ahora ponte a mirar las entradas en el blog \ud83d\ude42<\/p>\n","protected":false},"excerpt":{"rendered":"<p>Hola. Gracias por interesarte por mi blog. Aqu\u00ed podr\u00e1s encontrar informaci\u00f3n sobre videojuegos, tecnolog\u00eda, internet e inform\u00e1tica. Aunque sea una obviedad, todos los contenidos de este blog son mis opiniones personales, pero creo que soy una persona que acepta cr\u00edticas, as\u00ed que si no te parece bien lo que digo puedes dejar un comentario y&hellip; <a class=\"more-link\" href=\"https:\/\/www.brainrage.com\/?page_id=2\">Seguir leyendo <span class=\"screen-reader-text\">Acerca de Spyd<\/span><\/a><\/p>\n","protected":false},"author":1,"featured_media":0,"parent":0,"menu_order":0,"comment_status":"open","ping_status":"open","template":"","meta":{"footnotes":""},"class_list":["post-2","page","type-page","status-publish","hentry","entry"],"_links":{"self":[{"href":"https:\/\/www.brainrage.com\/index.php?rest_route=\/wp\/v2\/pages\/2","targetHints":{"allow":["GET"]}}],"collection":[{"href":"https:\/\/www.brainrage.com\/index.php?rest_route=\/wp\/v2\/pages"}],"about":[{"href":"https:\/\/www.brainrage.com\/index.php?rest_route=\/wp\/v2\/types\/page"}],"author":[{"embeddable":true,"href":"https:\/\/www.brainrage.com\/index.php?rest_route=\/wp\/v2\/users\/1"}],"replies":[{"embeddable":true,"href":"https:\/\/www.brainrage.com\/index.php?rest_route=%2Fwp%2Fv2%2Fcomments&post=2"}],"version-history":[{"count":3,"href":"https:\/\/www.brainrage.com\/index.php?rest_route=\/wp\/v2\/pages\/2\/revisions"}],"predecessor-version":[{"id":211,"href":"https:\/\/www.brainrage.com\/index.php?rest_route=\/wp\/v2\/pages\/2\/revisions\/211"}],"wp:attachment":[{"href":"https:\/\/www.brainrage.com\/index.php?rest_route=%2Fwp%2Fv2%2Fmedia&parent=2"}],"curies":[{"name":"wp","href":"https:\/\/api.w.org\/{rel}","templated":true}]}}